{"id":9,"date":"2026-05-08T18:10:58","date_gmt":"2026-05-08T18:10:58","guid":{"rendered":"http:\/\/btzyimx.cluster121.hosting.ovh.net\/?page_id=9"},"modified":"2026-05-12T07:01:43","modified_gmt":"2026-05-12T07:01:43","slug":"9-2","status":"publish","type":"page","link":"https:\/\/www.beereal.blog\/","title":{"rendered":""},"content":{"rendered":"\n<div class=\"wp-block-group alignfull is-style-section-4 has-global-padding is-layout-constrained wp-block-group-is-layout-constrained is-style-section-4--1\" style=\"min-height:100vh;margin-top:0;margin-bottom:0\">\n<div class=\"wp-block-columns alignfull is-layout-flex wp-container-core-columns-is-layout-28f84493 wp-block-columns-is-layout-flex\">\n<div class=\"wp-block-column is-vertically-aligned-center is-layout-flow wp-block-column-is-layout-flow\">\n<div class=\"wp-block-group is-layout-flow wp-block-group-is-layout-flow\" style=\"padding-top:var(--wp--preset--spacing--50);padding-right:var(--wp--preset--spacing--50);padding-bottom:var(--wp--preset--spacing--50);padding-left:var(--wp--preset--spacing--50)\">\n<h2 class=\"wp-block-heading has-xx-large-font-size\">beeReal<\/h2>\n\n\n\n<p>Outil d&#8217;analyse morphom\u00e9trique des ailes d&#8217;abeilles.<br><\/p>\n\n\n\n<p><a href=\"https:\/\/github.com\/nicolasCtd\/beeReal\/releases\/download\/1.1\/beeReal.exe\">T\u00e9l\u00e9charger<\/a> (compatible Windows)<\/p>\n<\/div>\n<\/div>\n\n\n\n<div class=\"wp-block-column is-layout-flow wp-block-column-is-layout-flow\">\n<div class=\"wp-block-cover is-light\" style=\"min-height:100vh;aspect-ratio:unset;\"><img loading=\"lazy\" decoding=\"async\" width=\"766\" height=\"1024\" class=\"wp-block-cover__image-background wp-image-11 size-large\" alt=\"\" src=\"http:\/\/btzyimx.cluster121.hosting.ovh.net\/wp-content\/uploads\/2026\/05\/IMG_20240811_101034053-1-766x1024.jpg\" data-object-fit=\"cover\" srcset=\"https:\/\/www.beereal.blog\/wp-content\/uploads\/2026\/05\/IMG_20240811_101034053-1-766x1024.jpg 766w, https:\/\/www.beereal.blog\/wp-content\/uploads\/2026\/05\/IMG_20240811_101034053-1-224x300.jpg 224w, https:\/\/www.beereal.blog\/wp-content\/uploads\/2026\/05\/IMG_20240811_101034053-1-768x1026.jpg 768w, https:\/\/www.beereal.blog\/wp-content\/uploads\/2026\/05\/IMG_20240811_101034053-1-1149x1536.jpg 1149w, https:\/\/www.beereal.blog\/wp-content\/uploads\/2026\/05\/IMG_20240811_101034053-1-1532x2048.jpg 1532w, https:\/\/www.beereal.blog\/wp-content\/uploads\/2026\/05\/IMG_20240811_101034053-1-scaled.jpg 1916w\" sizes=\"auto, (max-width: 766px) 100vw, 766px\" \/><span aria-hidden=\"true\" class=\"wp-block-cover__background has-background-dim-0 has-background-dim\" style=\"background-color:#6b6b6b\"><\/span><div class=\"wp-block-cover__inner-container is-layout-flow wp-block-cover-is-layout-flow\">\n<div style=\"height:var(--wp--preset--spacing--20)\" aria-hidden=\"true\" class=\"wp-block-spacer\"><\/div>\n<\/div><\/div>\n<\/div>\n<\/div>\n<\/div>\n\n\n\n<p class=\"is-style-text-subtitle is-style-text-subtitle--2\"><strong>Comment \u00e7a marche<\/strong><\/p>\n\n\n\n<ol class=\"wp-block-list\">\n<li class=\"has-medium-font-size\">Photographier les ailes<br><br>Scanner ou prendre une photo nette d\u2019au moins 30 ailes d\u2019abeilles provenant d\u2019une m\u00eame colonie.<br><br><\/li>\n\n\n\n<li class=\"has-medium-font-size\">Importer une image<br><br>Charger une image dans beeReal afin de commencer l\u2019analyse morphom\u00e9trique.<br><br><\/li>\n\n\n\n<li class=\"has-medium-font-size\">Placer les points<br><br>Positionner les 7 points d\u2019int\u00e9r\u00eat sur chaque aile.<br><br><\/li>\n\n\n\n<li class=\"has-medium-font-size\">Analyser les r\u00e9sultats<br><br>beeReal calcule automatiquement l&#8217;indice cubital et l\u2019angle disco\u00efdal de chaque aile, et trace l&#8217;histogramme de l&#8217;indice cubital, ainsi que le diagramme angle disco\u00efdal vs indice cubital.<br><br>A titre d&#8217;exemple, une analyse d\u00e9j\u00e0 effectu\u00e9e est disponible <a href=\"https:\/\/github.com\/nicolasCtd\/beeReal\/releases\/download\/1.1\/exemple_analyse.zip\">ici<\/a>. Ouvrez le logiciel, cliquez sur &#8220;Load analysis&#8221; et s\u00e9lectionnez le fichier exemple_analyse.zip.<br><\/li>\n<\/ol>\n\n\n\n<figure class=\"wp-block-gallery has-nested-images columns-default is-cropped wp-block-gallery-3 is-layout-flex wp-block-gallery-is-layout-flex\">\n<figure data-wp-context=\"{&quot;imageId&quot;:&quot;6a05956fb5789&quot;}\" data-wp-interactive=\"core\/image\" data-wp-key=\"6a05956fb5789\" class=\"wp-block-image size-large wp-lightbox-container\"><img loading=\"lazy\" decoding=\"async\" width=\"1024\" height=\"550\" data-wp-class--hide=\"state.isContentHidden\" data-wp-class--show=\"state.isContentVisible\" data-wp-init=\"callbacks.setButtonStyles\" data-wp-on--click=\"actions.showLightbox\" data-wp-on--load=\"callbacks.setButtonStyles\" data-wp-on-window--resize=\"callbacks.setButtonStyles\" data-id=\"67\" src=\"http:\/\/btzyimx.cluster121.hosting.ovh.net\/wp-content\/uploads\/2026\/05\/image1-1-1024x550.png\" alt=\"\" class=\"wp-image-67\" srcset=\"https:\/\/www.beereal.blog\/wp-content\/uploads\/2026\/05\/image1-1-1024x550.png 1024w, https:\/\/www.beereal.blog\/wp-content\/uploads\/2026\/05\/image1-1-300x161.png 300w, https:\/\/www.beereal.blog\/wp-content\/uploads\/2026\/05\/image1-1-768x413.png 768w, https:\/\/www.beereal.blog\/wp-content\/uploads\/2026\/05\/image1-1-1536x826.png 1536w, https:\/\/www.beereal.blog\/wp-content\/uploads\/2026\/05\/image1-1.png 1920w\" sizes=\"auto, (max-width: 1024px) 100vw, 1024px\" \/><button\n\t\t\tclass=\"lightbox-trigger\"\n\t\t\ttype=\"button\"\n\t\t\taria-haspopup=\"dialog\"\n\t\t\taria-label=\"Enlarge\"\n\t\t\tdata-wp-init=\"callbacks.initTriggerButton\"\n\t\t\tdata-wp-on--click=\"actions.showLightbox\"\n\t\t\tdata-wp-style--right=\"state.imageButtonRight\"\n\t\t\tdata-wp-style--top=\"state.imageButtonTop\"\n\t\t>\n\t\t\t<svg xmlns=\"http:\/\/www.w3.org\/2000\/svg\" width=\"12\" height=\"12\" fill=\"none\" viewBox=\"0 0 12 12\">\n\t\t\t\t<path fill=\"#fff\" d=\"M2 0a2 2 0 0 0-2 2v2h1.5V2a.5.5 0 0 1 .5-.5h2V0H2Zm2 10.5H2a.5.5 0 0 1-.5-.5V8H0v2a2 2 0 0 0 2 2h2v-1.5ZM8 12v-1.5h2a.5.5 0 0 0 .5-.5V8H12v2a2 2 0 0 1-2 2H8Zm2-12a2 2 0 0 1 2 2v2h-1.5V2a.5.5 0 0 0-.5-.5H8V0h2Z\" \/>\n\t\t\t<\/svg>\n\t\t<\/button><\/figure>\n\n\n\n<figure data-wp-context=\"{&quot;imageId&quot;:&quot;6a05956fb5e0b&quot;}\" data-wp-interactive=\"core\/image\" data-wp-key=\"6a05956fb5e0b\" class=\"wp-block-image size-large wp-lightbox-container\"><img loading=\"lazy\" decoding=\"async\" width=\"1024\" height=\"550\" data-wp-class--hide=\"state.isContentHidden\" data-wp-class--show=\"state.isContentVisible\" data-wp-init=\"callbacks.setButtonStyles\" data-wp-on--click=\"actions.showLightbox\" data-wp-on--load=\"callbacks.setButtonStyles\" data-wp-on-window--resize=\"callbacks.setButtonStyles\" data-id=\"66\" src=\"http:\/\/btzyimx.cluster121.hosting.ovh.net\/wp-content\/uploads\/2026\/05\/image2-1-1024x550.png\" alt=\"\" class=\"wp-image-66\" srcset=\"https:\/\/www.beereal.blog\/wp-content\/uploads\/2026\/05\/image2-1-1024x550.png 1024w, https:\/\/www.beereal.blog\/wp-content\/uploads\/2026\/05\/image2-1-300x161.png 300w, https:\/\/www.beereal.blog\/wp-content\/uploads\/2026\/05\/image2-1-768x413.png 768w, https:\/\/www.beereal.blog\/wp-content\/uploads\/2026\/05\/image2-1-1536x826.png 1536w, https:\/\/www.beereal.blog\/wp-content\/uploads\/2026\/05\/image2-1.png 1920w\" sizes=\"auto, (max-width: 1024px) 100vw, 1024px\" \/><button\n\t\t\tclass=\"lightbox-trigger\"\n\t\t\ttype=\"button\"\n\t\t\taria-haspopup=\"dialog\"\n\t\t\taria-label=\"Enlarge\"\n\t\t\tdata-wp-init=\"callbacks.initTriggerButton\"\n\t\t\tdata-wp-on--click=\"actions.showLightbox\"\n\t\t\tdata-wp-style--right=\"state.imageButtonRight\"\n\t\t\tdata-wp-style--top=\"state.imageButtonTop\"\n\t\t>\n\t\t\t<svg xmlns=\"http:\/\/www.w3.org\/2000\/svg\" width=\"12\" height=\"12\" fill=\"none\" viewBox=\"0 0 12 12\">\n\t\t\t\t<path fill=\"#fff\" d=\"M2 0a2 2 0 0 0-2 2v2h1.5V2a.5.5 0 0 1 .5-.5h2V0H2Zm2 10.5H2a.5.5 0 0 1-.5-.5V8H0v2a2 2 0 0 0 2 2h2v-1.5ZM8 12v-1.5h2a.5.5 0 0 0 .5-.5V8H12v2a2 2 0 0 1-2 2H8Zm2-12a2 2 0 0 1 2 2v2h-1.5V2a.5.5 0 0 0-.5-.5H8V0h2Z\" \/>\n\t\t\t<\/svg>\n\t\t<\/button><\/figure>\n\n\n\n<figure data-wp-context=\"{&quot;imageId&quot;:&quot;6a05956fb62f9&quot;}\" data-wp-interactive=\"core\/image\" data-wp-key=\"6a05956fb62f9\" class=\"wp-block-image size-large wp-lightbox-container\"><img loading=\"lazy\" decoding=\"async\" width=\"1024\" height=\"550\" data-wp-class--hide=\"state.isContentHidden\" data-wp-class--show=\"state.isContentVisible\" data-wp-init=\"callbacks.setButtonStyles\" data-wp-on--click=\"actions.showLightbox\" data-wp-on--load=\"callbacks.setButtonStyles\" data-wp-on-window--resize=\"callbacks.setButtonStyles\" data-id=\"68\" src=\"http:\/\/btzyimx.cluster121.hosting.ovh.net\/wp-content\/uploads\/2026\/05\/image3-1024x550.png\" alt=\"\" class=\"wp-image-68\" srcset=\"https:\/\/www.beereal.blog\/wp-content\/uploads\/2026\/05\/image3-1024x550.png 1024w, https:\/\/www.beereal.blog\/wp-content\/uploads\/2026\/05\/image3-300x161.png 300w, https:\/\/www.beereal.blog\/wp-content\/uploads\/2026\/05\/image3-768x413.png 768w, https:\/\/www.beereal.blog\/wp-content\/uploads\/2026\/05\/image3-1536x826.png 1536w, https:\/\/www.beereal.blog\/wp-content\/uploads\/2026\/05\/image3.png 1920w\" sizes=\"auto, (max-width: 1024px) 100vw, 1024px\" \/><button\n\t\t\tclass=\"lightbox-trigger\"\n\t\t\ttype=\"button\"\n\t\t\taria-haspopup=\"dialog\"\n\t\t\taria-label=\"Enlarge\"\n\t\t\tdata-wp-init=\"callbacks.initTriggerButton\"\n\t\t\tdata-wp-on--click=\"actions.showLightbox\"\n\t\t\tdata-wp-style--right=\"state.imageButtonRight\"\n\t\t\tdata-wp-style--top=\"state.imageButtonTop\"\n\t\t>\n\t\t\t<svg xmlns=\"http:\/\/www.w3.org\/2000\/svg\" width=\"12\" height=\"12\" fill=\"none\" viewBox=\"0 0 12 12\">\n\t\t\t\t<path fill=\"#fff\" d=\"M2 0a2 2 0 0 0-2 2v2h1.5V2a.5.5 0 0 1 .5-.5h2V0H2Zm2 10.5H2a.5.5 0 0 1-.5-.5V8H0v2a2 2 0 0 0 2 2h2v-1.5ZM8 12v-1.5h2a.5.5 0 0 0 .5-.5V8H12v2a2 2 0 0 1-2 2H8Zm2-12a2 2 0 0 1 2 2v2h-1.5V2a.5.5 0 0 0-.5-.5H8V0h2Z\" \/>\n\t\t\t<\/svg>\n\t\t<\/button><\/figure>\n\n\n\n<figure data-wp-context=\"{&quot;imageId&quot;:&quot;6a05956fb681c&quot;}\" data-wp-interactive=\"core\/image\" data-wp-key=\"6a05956fb681c\" class=\"wp-block-image size-large wp-lightbox-container\"><img loading=\"lazy\" decoding=\"async\" width=\"1024\" height=\"492\" data-wp-class--hide=\"state.isContentHidden\" data-wp-class--show=\"state.isContentVisible\" data-wp-init=\"callbacks.setButtonStyles\" data-wp-on--click=\"actions.showLightbox\" data-wp-on--load=\"callbacks.setButtonStyles\" data-wp-on-window--resize=\"callbacks.setButtonStyles\" data-id=\"69\" src=\"http:\/\/btzyimx.cluster121.hosting.ovh.net\/wp-content\/uploads\/2026\/05\/image4-1024x492.png\" alt=\"\" class=\"wp-image-69\" srcset=\"https:\/\/www.beereal.blog\/wp-content\/uploads\/2026\/05\/image4-1024x492.png 1024w, https:\/\/www.beereal.blog\/wp-content\/uploads\/2026\/05\/image4-300x144.png 300w, https:\/\/www.beereal.blog\/wp-content\/uploads\/2026\/05\/image4-768x369.png 768w, https:\/\/www.beereal.blog\/wp-content\/uploads\/2026\/05\/image4-1536x737.png 1536w, https:\/\/www.beereal.blog\/wp-content\/uploads\/2026\/05\/image4.png 1802w\" sizes=\"auto, (max-width: 1024px) 100vw, 1024px\" \/><button\n\t\t\tclass=\"lightbox-trigger\"\n\t\t\ttype=\"button\"\n\t\t\taria-haspopup=\"dialog\"\n\t\t\taria-label=\"Enlarge\"\n\t\t\tdata-wp-init=\"callbacks.initTriggerButton\"\n\t\t\tdata-wp-on--click=\"actions.showLightbox\"\n\t\t\tdata-wp-style--right=\"state.imageButtonRight\"\n\t\t\tdata-wp-style--top=\"state.imageButtonTop\"\n\t\t>\n\t\t\t<svg xmlns=\"http:\/\/www.w3.org\/2000\/svg\" width=\"12\" height=\"12\" fill=\"none\" viewBox=\"0 0 12 12\">\n\t\t\t\t<path fill=\"#fff\" d=\"M2 0a2 2 0 0 0-2 2v2h1.5V2a.5.5 0 0 1 .5-.5h2V0H2Zm2 10.5H2a.5.5 0 0 1-.5-.5V8H0v2a2 2 0 0 0 2 2h2v-1.5ZM8 12v-1.5h2a.5.5 0 0 0 .5-.5V8H12v2a2 2 0 0 1-2 2H8Zm2-12a2 2 0 0 1 2 2v2h-1.5V2a.5.5 0 0 0-.5-.5H8V0h2Z\" \/>\n\t\t\t<\/svg>\n\t\t<\/button><\/figure>\n<\/figure>\n\n\n\n<p class=\"has-medium-font-size\">Lien Github : <a href=\"https:\/\/github.com\/nicolasCtd\/beeReal\">https:\/\/github.com\/nicolasCtd\/beeReal<\/a><\/p>\n\n\n\n<p class=\"has-medium-font-size\">questions, remarques&#8230; :   <strong>contact@beereal.blog<\/strong><\/p>\n\n\n\n<p class=\"is-style-default has-small-font-size\">Ce programme est d\u00e9di\u00e9 \u00e0 Dardargnan (Pok\u00e9mon n\u00b0 015, derni\u00e8re \u00e9volution d&#8217;Aspicot).<br><\/p>\n\n\n\n<p><\/p>\n","protected":false},"excerpt":{"rendered":"<p>beeReal Outil d&#8217;analyse morphom\u00e9trique des ailes d&#8217;abeilles. T\u00e9l\u00e9charger (compatible Windows) Comment \u00e7a marche Lien Github : https:\/\/github.com\/nicolasCtd\/beeReal questions, remarques&#8230; : contact@beereal.blog Ce programme est d\u00e9di\u00e9 \u00e0 Dardargnan (Pok\u00e9mon n\u00b0 015, derni\u00e8re \u00e9volution d&#8217;Aspicot).<\/p>\n","protected":false},"author":1,"featured_media":0,"parent":0,"menu_order":0,"comment_status":"closed","ping_status":"closed","template":"","meta":{"footnotes":""},"class_list":["post-9","page","type-page","status-publish","hentry"],"_links":{"self":[{"href":"https:\/\/www.beereal.blog\/index.php\/wp-json\/wp\/v2\/pages\/9","targetHints":{"allow":["GET"]}}],"collection":[{"href":"https:\/\/www.beereal.blog\/index.php\/wp-json\/wp\/v2\/pages"}],"about":[{"href":"https:\/\/www.beereal.blog\/index.php\/wp-json\/wp\/v2\/types\/page"}],"author":[{"embeddable":true,"href":"https:\/\/www.beereal.blog\/index.php\/wp-json\/wp\/v2\/users\/1"}],"replies":[{"embeddable":true,"href":"https:\/\/www.beereal.blog\/index.php\/wp-json\/wp\/v2\/comments?post=9"}],"version-history":[{"count":51,"href":"https:\/\/www.beereal.blog\/index.php\/wp-json\/wp\/v2\/pages\/9\/revisions"}],"predecessor-version":[{"id":81,"href":"https:\/\/www.beereal.blog\/index.php\/wp-json\/wp\/v2\/pages\/9\/revisions\/81"}],"wp:attachment":[{"href":"https:\/\/www.beereal.blog\/index.php\/wp-json\/wp\/v2\/media?parent=9"}],"curies":[{"name":"wp","href":"https:\/\/api.w.org\/{rel}","templated":true}]}}